{"id":87,"date":"2021-12-13T22:32:08","date_gmt":"2021-12-13T21:32:08","guid":{"rendered":"https:\/\/www.balpompiersvitrolles.com\/?page_id=87"},"modified":"2025-06-22T20:49:28","modified_gmt":"2025-06-22T18:49:28","slug":"programmation","status":"publish","type":"page","link":"https:\/\/www.balpompiersvitrolles.com\/index.php\/programmation\/","title":{"rendered":"Programmation"},"content":{"rendered":"<div  data-label=\"Content\" data-id=\"content--1\" data-export-id=\"content-19-2\" data-category=\"content\" class=\"content-19-2 content-section content-section-spacing white-text\" id=\"content-1\"><div  class=\"gridContainer\"> <div  class=\"row\"><div  class=\"col-sm-5 flexbox-strech center-xs middle-xs no-gutter-col\"> <div  class=\"flexbox middle-xs center-xs right-img\" data-bg=\"image\" style=\"background-image: url(&quot;https:\/\/www.balpompiersvitrolles.com\/wp-content\/uploads\/2021\/12\/cropped-IMG_1676-scaled-1.jpg&quot;);\"><\/div><\/div> <div  data-type=\"column\" class=\"col-sm-6 content-col text-center content-section-spacing space-bottom-xs shadow\"><i  class=\"fa icon fa-fire big color1\"><\/i> <h2  class=\"font-300\">Un&nbsp;<span  style=\"font-family: &quot;Playfair Display&quot;, arial, helvetica, sans-serif; font-style: italic; font-weight: 700;\">\u00e9v\u00e8nement <\/span><span  style=\"font-weight: 400;\">Exceptionnel<\/span><\/h2>  <p  class=\"\">\u2013 18h30 Ouverture des portes\n<br >-19h00 Ap\u00e9ro concert avec le Duo Demy &amp; Chris<br ><br >-21h00 Les ann\u00e9es 80-90 sont \u00e0 l\u2019honneur avec \n<br >DJ R\u00e9<br ><br >\u2013 23h00 DJ party avec Alex Paul, Dj r\u00e9sident des pompiers de Vitrolles.\n<br ><br >De nombreuses surprises tout au long de la soir\u00e9e \n<br ><br >\u2013 2h00 Fin de la soir\u00e9e&nbsp;<\/p> <\/div> <\/div><\/div> <\/div><div  data-label=\"Content\" data-id=\"content--2\" data-export-id=\"content-13\" data-category=\"content\" class=\"content-13 content-section content-section-spacing\" id=\"content-2\" style=\"background-color: rgb(255, 255, 255);\"><div  class=\"gridContainer\"> <div  class=\"row text-center\"><div  class=\"section-title-col\" data-type=\"column\"> <h2  class=\"\">La <span  style=\"font-family: &quot;Playfair Display&quot;, arial, helvetica, sans-serif; font-style: italic; font-weight: 700;\">Soir\u00e9e<\/span> de l\u2019\u00e9t\u00e9 2025<\/h2> <p  class=\"lead\"><\/p><p  class=\"lead\"><span  style=\"font-weight: 400;\">Performers\n<\/span><br ><span  style=\"font-weight: 400;\">Concerts<\/span><br ><span  style=\"font-weight: 400;\">DJs<\/span><br ><span  style=\"font-weight: 400;\">Restauration<\/span><br ><span  style=\"font-weight: 400;\">Bi\u00e8res, vin, champagne, soft avec notre partenaire VandB&nbsp;&nbsp;<\/span><\/p><\/div> <\/div> <div  class=\"row center-xs middle-xs\"> <div  class=\"col-xs col-sm-8 space-bottom image-group-bottom-3\"> <img  class=\"left-img shadow-large-black\" src=\"https:\/\/www.balpompiersvitrolles.com\/wp-content\/uploads\/2024\/11\/@mavenspictures177-scaled.jpg\" title=\"@mavenspictures177\" alt=\"\"> <img  class=\"center-img shadow-large-black\" src=\"https:\/\/www.balpompiersvitrolles.com\/wp-content\/uploads\/2024\/11\/cropped-@mavenspictures181-scaled-1.jpg\" title=\"cropped-@mavenspictures181-scaled-1.jpg\" alt=\"\"> <img  class=\"right-img shadow-large-black\" src=\"https:\/\/www.balpompiersvitrolles.com\/wp-content\/uploads\/2024\/11\/cropped-@mavenspictures70-scaled-1.jpg\" title=\"cropped-@mavenspictures70-scaled-1.jpg\" alt=\"\"><\/div> <\/div><\/div> <\/div><div  data-label=\"About\" data-id=\"about--1\" data-export-id=\"about-9\" data-category=\"about\" class=\"about-9 content-section content-section-spacing\" id=\"about-1\" style=\"background-color: rgb(245, 250, 253);\"><div  class=\"gridContainer\"> <div  class=\"row middle-sm text-center\"><div  class=\"col-sm-5 space-bottom-xs content-column content-right-sm\" data-type=\"column\">  <h2  class=\"\">Ap\u00e9ro Concert sur la Sc\u00e8ne &nbsp;du Grand Restaurant avec Demy &amp; Chris<\/h2>  <\/div> <div  class=\"col-sm-7 flexbox flexbox middle-xs center-xs space-bottom-xs\"><div  class=\"overlay-box flexbox middle-xs center-xs overlay-holder \"> <div  class=\"overlay-box-offset offset-background shadow-medium bg-color2 hide-xs\"><\/div> <img  class=\"flexbox shadow-large img1\" src=\"https:\/\/www.balpompiersvitrolles.com\/wp-content\/uploads\/2025\/04\/cropped-demy-et-chris-photo_3_347046-171397728832704.jpeg\" data-size=\"600x400\" title=\"cropped-demy-et-chris-photo_3_347046-171397728832704.jpeg\" alt=\"\"><\/div> <\/div><\/div> <\/div><\/div><div  data-label=\"Content\" data-id=\"content--3\" data-export-id=\"content-7-mc\" data-category=\"content\" class=\"content-7-mc content-section content-section-spacing\" id=\"content-3\" style=\"background-color: rgb(255, 255, 255);\"><div  class=\"gridContainer\"> <div  class=\"row middle-sm\"><div  class=\"col-sm-6 space-bottom-xs\" data-type=\"column\"> <h2  class=\"\">Les ann\u00e9es 90-00 sont \u00e0 l\u2019honneur avec DJ Reggio<\/h2>  <\/div> <div  class=\"col-sm-6\" data-type=\"column\"> <img  class=\"shadow-large\" src=\"https:\/\/www.balpompiersvitrolles.com\/wp-content\/uploads\/2025\/06\/dj-re-jc-sax.png\" title=\"dj-r\u00e9-&amp;-jc-sax\" alt=\"\"><\/div> <\/div><\/div> <\/div><div  data-label=\"Content\" data-id=\"content--4\" data-export-id=\"content-7-mc\" data-category=\"content\" class=\"content-7-mc content-section content-section-spacing\" id=\"content-4\" style=\"background-color: rgb(245, 250, 253);\"><div  class=\"gridContainer\"> <div  class=\"row middle-sm\"><div  class=\"col-sm-6 space-bottom-xs\" data-type=\"column\"> <h2  class=\"\">Gros son avec \n<br >DJ Alex Paul, \n<br >DJ Radio Star et des Pompiers de Vitrolles.<\/h2>  <\/div> <div  class=\"col-sm-6\" data-type=\"column\"> <img  class=\"shadow-large\" src=\"https:\/\/www.balpompiersvitrolles.com\/wp-content\/uploads\/2023\/03\/cropped-81706418_550568139133868_5974628142453620736_n.jpg\" title=\"cropped-81706418_550568139133868_5974628142453620736_n.jpg\" alt=\"\"><\/div> <\/div><\/div> <\/div>","protected":false},"excerpt":{"rendered":"<p>Un&nbsp;\u00e9v\u00e8nement Exceptionnel \u2013 18h30 Ouverture des portes -19h00 Ap\u00e9ro concert avec le Duo Demy &amp; Chris-21h00 Les ann\u00e9es 80-90 sont \u00e0 l\u2019honneur avec DJ R\u00e9\u2013 23h00 DJ party avec Alex Paul, Dj r\u00e9sident des pompiers de Vitrolles. De nombreuses surprises tout au long de la soir\u00e9e \u2013 2h00 Fin de la soir\u00e9e&nbsp; La Soir\u00e9e de&hellip; <br \/> <a class=\"read-more\" href=\"https:\/\/www.balpompiersvitrolles.com\/index.php\/programmation\/\">Read more<\/a><\/p>\n","protected":false},"author":1,"featured_media":292,"parent":0,"menu_order":0,"comment_status":"closed","ping_status":"closed","template":"pro\/page-templates\/full-width-page.php","meta":[],"yoast_head":"<!-- This site is optimized with the Yoast SEO plugin v19.13 - https:\/\/yoast.com\/wordpress\/plugins\/seo\/ -->\n<title>Programmation - Bal des pompiers de Vitrolles<\/title>\n<meta name=\"robots\" content=\"index, follow, max-snippet:-1, max-image-preview:large, max-video-preview:-1\" \/>\n<link rel=\"canonical\" href=\"https:\/\/www.balpompiersvitrolles.com\/index.php\/programmation\/\" \/>\n<meta property=\"og:locale\" content=\"fr_FR\" \/>\n<meta property=\"og:type\" content=\"article\" \/>\n<meta property=\"og:title\" content=\"Programmation - Bal des pompiers de Vitrolles\" \/>\n<meta property=\"og:description\" content=\"Un&nbsp;\u00e9v\u00e8nement Exceptionnel \u2013 18h30 Ouverture des portes -19h00 Ap\u00e9ro concert avec le Duo Demy &amp; Chris-21h00 Les ann\u00e9es 80-90 sont \u00e0 l\u2019honneur avec DJ R\u00e9\u2013 23h00 DJ party avec Alex Paul, Dj r\u00e9sident des pompiers de Vitrolles. De nombreuses surprises tout au long de la soir\u00e9e \u2013 2h00 Fin de la soir\u00e9e&nbsp; La Soir\u00e9e de&hellip; Read more\" \/>\n<meta property=\"og:url\" content=\"https:\/\/www.balpompiersvitrolles.com\/index.php\/programmation\/\" \/>\n<meta property=\"og:site_name\" content=\"Bal des pompiers de Vitrolles\" \/>\n<meta property=\"article:modified_time\" content=\"2025-06-22T18:49:28+00:00\" \/>\n<meta property=\"og:image\" content=\"https:\/\/www.balpompiersvitrolles.com\/wp-content\/uploads\/2022\/01\/IMG_1526-scaled.jpg\" \/>\n\t<meta property=\"og:image:width\" content=\"2560\" \/>\n\t<meta property=\"og:image:height\" content=\"1707\" \/>\n\t<meta property=\"og:image:type\" content=\"image\/jpeg\" \/>\n<meta name=\"twitter:card\" content=\"summary_large_image\" \/>\n<meta name=\"twitter:label1\" content=\"Dur\u00e9e de lecture estim\u00e9e\" \/>\n\t<meta name=\"twitter:data1\" content=\"1 minute\" \/>\n<script type=\"application\/ld+json\" class=\"yoast-schema-graph\">{\"@context\":\"https:\/\/schema.org\",\"@graph\":[{\"@type\":\"WebPage\",\"@id\":\"https:\/\/www.balpompiersvitrolles.com\/index.php\/programmation\/\",\"url\":\"https:\/\/www.balpompiersvitrolles.com\/index.php\/programmation\/\",\"name\":\"Programmation - Bal des pompiers de Vitrolles\",\"isPartOf\":{\"@id\":\"https:\/\/www.balpompiersvitrolles.com\/#website\"},\"datePublished\":\"2021-12-13T21:32:08+00:00\",\"dateModified\":\"2025-06-22T18:49:28+00:00\",\"breadcrumb\":{\"@id\":\"https:\/\/www.balpompiersvitrolles.com\/index.php\/programmation\/#breadcrumb\"},\"inLanguage\":\"fr-FR\",\"potentialAction\":[{\"@type\":\"ReadAction\",\"target\":[\"https:\/\/www.balpompiersvitrolles.com\/index.php\/programmation\/\"]}]},{\"@type\":\"BreadcrumbList\",\"@id\":\"https:\/\/www.balpompiersvitrolles.com\/index.php\/programmation\/#breadcrumb\",\"itemListElement\":[{\"@type\":\"ListItem\",\"position\":1,\"name\":\"Accueil\",\"item\":\"https:\/\/www.balpompiersvitrolles.com\/\"},{\"@type\":\"ListItem\",\"position\":2,\"name\":\"Programmation\"}]},{\"@type\":\"WebSite\",\"@id\":\"https:\/\/www.balpompiersvitrolles.com\/#website\",\"url\":\"https:\/\/www.balpompiersvitrolles.com\/\",\"name\":\"Bal des pompiers de Vitrolles\",\"description\":\"\",\"potentialAction\":[{\"@type\":\"SearchAction\",\"target\":{\"@type\":\"EntryPoint\",\"urlTemplate\":\"https:\/\/www.balpompiersvitrolles.com\/?s={search_term_string}\"},\"query-input\":\"required name=search_term_string\"}],\"inLanguage\":\"fr-FR\"}]}<\/script>\n<!-- \/ Yoast SEO plugin. -->","yoast_head_json":{"title":"Programmation - Bal des pompiers de Vitrolles","robots":{"index":"index","follow":"follow","max-snippet":"max-snippet:-1","max-image-preview":"max-image-preview:large","max-video-preview":"max-video-preview:-1"},"canonical":"https:\/\/www.balpompiersvitrolles.com\/index.php\/programmation\/","og_locale":"fr_FR","og_type":"article","og_title":"Programmation - Bal des pompiers de Vitrolles","og_description":"Un&nbsp;\u00e9v\u00e8nement Exceptionnel \u2013 18h30 Ouverture des portes -19h00 Ap\u00e9ro concert avec le Duo Demy &amp; Chris-21h00 Les ann\u00e9es 80-90 sont \u00e0 l\u2019honneur avec DJ R\u00e9\u2013 23h00 DJ party avec Alex Paul, Dj r\u00e9sident des pompiers de Vitrolles. De nombreuses surprises tout au long de la soir\u00e9e \u2013 2h00 Fin de la soir\u00e9e&nbsp; La Soir\u00e9e de&hellip; Read more","og_url":"https:\/\/www.balpompiersvitrolles.com\/index.php\/programmation\/","og_site_name":"Bal des pompiers de Vitrolles","article_modified_time":"2025-06-22T18:49:28+00:00","og_image":[{"width":2560,"height":1707,"url":"https:\/\/www.balpompiersvitrolles.com\/wp-content\/uploads\/2022\/01\/IMG_1526-scaled.jpg","type":"image\/jpeg"}],"twitter_card":"summary_large_image","twitter_misc":{"Dur\u00e9e de lecture estim\u00e9e":"1 minute"},"schema":{"@context":"https:\/\/schema.org","@graph":[{"@type":"WebPage","@id":"https:\/\/www.balpompiersvitrolles.com\/index.php\/programmation\/","url":"https:\/\/www.balpompiersvitrolles.com\/index.php\/programmation\/","name":"Programmation - Bal des pompiers de Vitrolles","isPartOf":{"@id":"https:\/\/www.balpompiersvitrolles.com\/#website"},"datePublished":"2021-12-13T21:32:08+00:00","dateModified":"2025-06-22T18:49:28+00:00","breadcrumb":{"@id":"https:\/\/www.balpompiersvitrolles.com\/index.php\/programmation\/#breadcrumb"},"inLanguage":"fr-FR","potentialAction":[{"@type":"ReadAction","target":["https:\/\/www.balpompiersvitrolles.com\/index.php\/programmation\/"]}]},{"@type":"BreadcrumbList","@id":"https:\/\/www.balpompiersvitrolles.com\/index.php\/programmation\/#breadcrumb","itemListElement":[{"@type":"ListItem","position":1,"name":"Accueil","item":"https:\/\/www.balpompiersvitrolles.com\/"},{"@type":"ListItem","position":2,"name":"Programmation"}]},{"@type":"WebSite","@id":"https:\/\/www.balpompiersvitrolles.com\/#website","url":"https:\/\/www.balpompiersvitrolles.com\/","name":"Bal des pompiers de Vitrolles","description":"","potentialAction":[{"@type":"SearchAction","target":{"@type":"EntryPoint","urlTemplate":"https:\/\/www.balpompiersvitrolles.com\/?s={search_term_string}"},"query-input":"required name=search_term_string"}],"inLanguage":"fr-FR"}]}},"_links":{"self":[{"href":"https:\/\/www.balpompiersvitrolles.com\/index.php\/wp-json\/wp\/v2\/pages\/87"}],"collection":[{"href":"https:\/\/www.balpompiersvitrolles.com\/index.php\/wp-json\/wp\/v2\/pages"}],"about":[{"href":"https:\/\/www.balpompiersvitrolles.com\/index.php\/wp-json\/wp\/v2\/types\/page"}],"author":[{"embeddable":true,"href":"https:\/\/www.balpompiersvitrolles.com\/index.php\/wp-json\/wp\/v2\/users\/1"}],"replies":[{"embeddable":true,"href":"https:\/\/www.balpompiersvitrolles.com\/index.php\/wp-json\/wp\/v2\/comments?post=87"}],"version-history":[{"count":0,"href":"https:\/\/www.balpompiersvitrolles.com\/index.php\/wp-json\/wp\/v2\/pages\/87\/revisions"}],"wp:featuredmedia":[{"embeddable":true,"href":"https:\/\/www.balpompiersvitrolles.com\/index.php\/wp-json\/wp\/v2\/media\/292"}],"wp:attachment":[{"href":"https:\/\/www.balpompiersvitrolles.com\/index.php\/wp-json\/wp\/v2\/media?parent=87"}],"curies":[{"name":"wp","href":"https:\/\/api.w.org\/{rel}","templated":true}]}}