{"id":89,"date":"2021-12-13T22:33:58","date_gmt":"2021-12-13T21:33:58","guid":{"rendered":"https:\/\/www.balpompiersvitrolles.com\/?page_id=89"},"modified":"2025-06-22T20:46:38","modified_gmt":"2025-06-22T18:46:38","slug":"infos-pratiques","status":"publish","type":"page","link":"https:\/\/www.balpompiersvitrolles.com\/index.php\/infos-pratiques\/","title":{"rendered":"Infos pratiques"},"content":{"rendered":"<div  data-label=\"Content\" data-id=\"content--1\" data-export-id=\"content-2\" data-category=\"content\" class=\"content-2 content-section content-section-spacing\" id=\"content-1\" style=\"background-color: rgb(255, 255, 255);\"><div > <div  class=\"row middle-xs\"><div  class=\"col-sm-5 bg-image shadow-large-black\" data-bg=\"image\" style=\"background-image: url(&quot;https:\/\/www.balpompiersvitrolles.com\/wp-content\/uploads\/2024\/11\/@mavenspictures177-scaled.jpg&quot;);\"><\/div> <div  class=\"col-sm-7 full-col-left-padding full-col-right-padding\"> <div  class=\"row\"> <div  data-type=\"column\" class=\"space-bottom-small content-title-col\">  <h2  class=\"\" style=\"text-align: center;\"><span  style=\"font-family: &quot;Playfair Display&quot;, arial, helvetica, sans-serif; font-weight: 700; font-style: italic;\">Bal des pompiers de Vitrolles&nbsp;<\/span><\/h2> <h2  class=\"\" style=\"text-align: center;\">Samedi 30 ao\u00fbt 2025<\/h2><p  class=\"\"><span  style=\"font-family: verdana, geneva, sans-serif; color: rgb(0, 0, 0);\">Ouverture des portes \u00e0 partir de 18h30<\/span><\/p><p  class=\"lead\"><span  style=\"font-weight: 600; color: rgb(127, 143, 179);\">Domaine de Fontblanche, \n<\/span><br ><span  style=\"font-weight: 600; color: rgb(127, 143, 179);\">all\u00e9e des artistes&nbsp;\n<\/span><br ><span  style=\"font-weight: 600; color: rgb(127, 143, 179);\">13127 Vitrolles<\/span><\/p><p  class=\"lead\"><span  style=\"font-family: verdana, geneva, sans-serif;\">Acc\u00e8s PMR au site, sur place du personnel pourra \u00eatre mis \u00e0 disposition sur demande.&nbsp;<\/span><\/p><p  class=\"lead\"><span  style=\"text-decoration: underline;\"><span  style=\"font-weight: 400;\">Parkings gratuit tout autour du domaine :\n<\/span><\/span><br >-parking 1 all\u00e9e des artistes&nbsp;(devant)<br >-parking 2 stade de rugby&nbsp;(200m)<br >-parking 3 magasin Lidl avenue Jean Monnet (400m)<\/p><\/div> <\/div> <div  class=\"row spaced-cols \" data-type=\"row\"> <div  class=\"col-xs-6\" data-type=\"column\">  <\/div>    <\/div><\/div> <\/div><\/div> <\/div><div  data-label=\"Features\" data-id=\"features--1\" data-export-id=\"features-ov-4-mc\" data-category=\"features\" class=\"features-ov-4-mc content-section content-section-spacing\" id=\"features-1\" style=\"background-color: rgb(245, 250, 253);\"><div  class=\"gridContainer\"> <div  data-type=\"row\" class=\"row spaced-cols text-center\"><div  class=\"col-xs-12 col-sm-4 col-padding\"> <a data-cp-link=\"1\" href=\"https:\/\/www.facebook.com\/balpompiersvitrolles\" target=\"_blank\" rel=\"noopener\" class=\"\"><i  class=\"fa icon shadow-large-black aligncenter fa-facebook-square reverse round large color9\"><\/i><\/a> <div  data-type=\"column\" class=\"\"> <h5  class=\"font-400\">Facebook<\/h5> <\/div> <\/div>  <div  class=\"col-xs-12 col-sm-4 col-padding\"> <a data-cp-link=\"1\" href=\"https:\/\/youtu.be\/uWrlQHRdrf0\" target=\"_self\" rel=\"noopener\" class=\"\"><i  class=\"fa icon shadow-large-black aligncenter fa-youtube-play reverse round large color9\"><\/i><\/a> <div  data-type=\"column\" class=\"\"><h5  class=\"font-400\">Vid\u00e9o<\/h5> <\/div> <\/div><div  class=\"col-xs-12 col-sm-4 col-padding\"> <a data-cp-link=\"1\" href=\"https:\/\/www.instagram.com\/balpompiersvitrolles_officiel\" target=\"_blank\" rel=\"noopener\" class=\"\"><i  class=\"fa icon shadow-large-black aligncenter fa-instagram reverse round large color9\"><\/i><\/a> <div  data-type=\"column\" class=\"\"> <h5  class=\"font-400\">Instagram<\/h5> <\/div> <\/div><\/div> <\/div><\/div>","protected":false},"excerpt":{"rendered":"<p>Bal des pompiers de Vitrolles&nbsp; Samedi 30 ao\u00fbt 2025Ouverture des portes \u00e0 partir de 18h30Domaine de Fontblanche, all\u00e9e des artistes&nbsp; 13127 VitrollesAcc\u00e8s PMR au site, sur place du personnel pourra \u00eatre mis \u00e0 disposition sur demande.&nbsp;Parkings gratuit tout autour du domaine : -parking 1 all\u00e9e des artistes&nbsp;(devant)-parking 2 stade de rugby&nbsp;(200m)-parking 3 magasin Lidl avenue&hellip; <br \/> <a class=\"read-more\" href=\"https:\/\/www.balpompiersvitrolles.com\/index.php\/infos-pratiques\/\">Read more<\/a><\/p>\n","protected":false},"author":1,"featured_media":167,"parent":0,"menu_order":0,"comment_status":"closed","ping_status":"closed","template":"pro\/page-templates\/full-width-page.php","meta":[],"yoast_head":"<!-- This site is optimized with the Yoast SEO plugin v19.13 - https:\/\/yoast.com\/wordpress\/plugins\/seo\/ -->\n<title>Infos pratiques - Bal des pompiers de Vitrolles<\/title>\n<meta name=\"robots\" content=\"index, follow, max-snippet:-1, max-image-preview:large, max-video-preview:-1\" \/>\n<link rel=\"canonical\" href=\"https:\/\/www.balpompiersvitrolles.com\/index.php\/infos-pratiques\/\" \/>\n<meta property=\"og:locale\" content=\"fr_FR\" \/>\n<meta property=\"og:type\" content=\"article\" \/>\n<meta property=\"og:title\" content=\"Infos pratiques - Bal des pompiers de Vitrolles\" \/>\n<meta property=\"og:description\" content=\"Bal des pompiers de Vitrolles&nbsp; Samedi 30 ao\u00fbt 2025Ouverture des portes \u00e0 partir de 18h30Domaine de Fontblanche, all\u00e9e des artistes&nbsp; 13127 VitrollesAcc\u00e8s PMR au site, sur place du personnel pourra \u00eatre mis \u00e0 disposition sur demande.&nbsp;Parkings gratuit tout autour du domaine : -parking 1 all\u00e9e des artistes&nbsp;(devant)-parking 2 stade de rugby&nbsp;(200m)-parking 3 magasin Lidl avenue&hellip; Read more\" \/>\n<meta property=\"og:url\" content=\"https:\/\/www.balpompiersvitrolles.com\/index.php\/infos-pratiques\/\" \/>\n<meta property=\"og:site_name\" content=\"Bal des pompiers de Vitrolles\" \/>\n<meta property=\"article:modified_time\" content=\"2025-06-22T18:46:38+00:00\" \/>\n<meta property=\"og:image\" content=\"https:\/\/www.balpompiersvitrolles.com\/wp-content\/uploads\/2021\/12\/IMG_1716-scaled.jpg\" \/>\n\t<meta property=\"og:image:width\" content=\"2560\" \/>\n\t<meta property=\"og:image:height\" content=\"1707\" \/>\n\t<meta property=\"og:image:type\" content=\"image\/jpeg\" \/>\n<meta name=\"twitter:card\" content=\"summary_large_image\" \/>\n<script type=\"application\/ld+json\" class=\"yoast-schema-graph\">{\"@context\":\"https:\/\/schema.org\",\"@graph\":[{\"@type\":\"WebPage\",\"@id\":\"https:\/\/www.balpompiersvitrolles.com\/index.php\/infos-pratiques\/\",\"url\":\"https:\/\/www.balpompiersvitrolles.com\/index.php\/infos-pratiques\/\",\"name\":\"Infos pratiques - Bal des pompiers de Vitrolles\",\"isPartOf\":{\"@id\":\"https:\/\/www.balpompiersvitrolles.com\/#website\"},\"datePublished\":\"2021-12-13T21:33:58+00:00\",\"dateModified\":\"2025-06-22T18:46:38+00:00\",\"breadcrumb\":{\"@id\":\"https:\/\/www.balpompiersvitrolles.com\/index.php\/infos-pratiques\/#breadcrumb\"},\"inLanguage\":\"fr-FR\",\"potentialAction\":[{\"@type\":\"ReadAction\",\"target\":[\"https:\/\/www.balpompiersvitrolles.com\/index.php\/infos-pratiques\/\"]}]},{\"@type\":\"BreadcrumbList\",\"@id\":\"https:\/\/www.balpompiersvitrolles.com\/index.php\/infos-pratiques\/#breadcrumb\",\"itemListElement\":[{\"@type\":\"ListItem\",\"position\":1,\"name\":\"Accueil\",\"item\":\"https:\/\/www.balpompiersvitrolles.com\/\"},{\"@type\":\"ListItem\",\"position\":2,\"name\":\"Infos pratiques\"}]},{\"@type\":\"WebSite\",\"@id\":\"https:\/\/www.balpompiersvitrolles.com\/#website\",\"url\":\"https:\/\/www.balpompiersvitrolles.com\/\",\"name\":\"Bal des pompiers de Vitrolles\",\"description\":\"\",\"potentialAction\":[{\"@type\":\"SearchAction\",\"target\":{\"@type\":\"EntryPoint\",\"urlTemplate\":\"https:\/\/www.balpompiersvitrolles.com\/?s={search_term_string}\"},\"query-input\":\"required name=search_term_string\"}],\"inLanguage\":\"fr-FR\"}]}<\/script>\n<!-- \/ Yoast SEO plugin. -->","yoast_head_json":{"title":"Infos pratiques - Bal des pompiers de Vitrolles","robots":{"index":"index","follow":"follow","max-snippet":"max-snippet:-1","max-image-preview":"max-image-preview:large","max-video-preview":"max-video-preview:-1"},"canonical":"https:\/\/www.balpompiersvitrolles.com\/index.php\/infos-pratiques\/","og_locale":"fr_FR","og_type":"article","og_title":"Infos pratiques - Bal des pompiers de Vitrolles","og_description":"Bal des pompiers de Vitrolles&nbsp; Samedi 30 ao\u00fbt 2025Ouverture des portes \u00e0 partir de 18h30Domaine de Fontblanche, all\u00e9e des artistes&nbsp; 13127 VitrollesAcc\u00e8s PMR au site, sur place du personnel pourra \u00eatre mis \u00e0 disposition sur demande.&nbsp;Parkings gratuit tout autour du domaine : -parking 1 all\u00e9e des artistes&nbsp;(devant)-parking 2 stade de rugby&nbsp;(200m)-parking 3 magasin Lidl avenue&hellip; Read more","og_url":"https:\/\/www.balpompiersvitrolles.com\/index.php\/infos-pratiques\/","og_site_name":"Bal des pompiers de Vitrolles","article_modified_time":"2025-06-22T18:46:38+00:00","og_image":[{"width":2560,"height":1707,"url":"https:\/\/www.balpompiersvitrolles.com\/wp-content\/uploads\/2021\/12\/IMG_1716-scaled.jpg","type":"image\/jpeg"}],"twitter_card":"summary_large_image","schema":{"@context":"https:\/\/schema.org","@graph":[{"@type":"WebPage","@id":"https:\/\/www.balpompiersvitrolles.com\/index.php\/infos-pratiques\/","url":"https:\/\/www.balpompiersvitrolles.com\/index.php\/infos-pratiques\/","name":"Infos pratiques - Bal des pompiers de Vitrolles","isPartOf":{"@id":"https:\/\/www.balpompiersvitrolles.com\/#website"},"datePublished":"2021-12-13T21:33:58+00:00","dateModified":"2025-06-22T18:46:38+00:00","breadcrumb":{"@id":"https:\/\/www.balpompiersvitrolles.com\/index.php\/infos-pratiques\/#breadcrumb"},"inLanguage":"fr-FR","potentialAction":[{"@type":"ReadAction","target":["https:\/\/www.balpompiersvitrolles.com\/index.php\/infos-pratiques\/"]}]},{"@type":"BreadcrumbList","@id":"https:\/\/www.balpompiersvitrolles.com\/index.php\/infos-pratiques\/#breadcrumb","itemListElement":[{"@type":"ListItem","position":1,"name":"Accueil","item":"https:\/\/www.balpompiersvitrolles.com\/"},{"@type":"ListItem","position":2,"name":"Infos pratiques"}]},{"@type":"WebSite","@id":"https:\/\/www.balpompiersvitrolles.com\/#website","url":"https:\/\/www.balpompiersvitrolles.com\/","name":"Bal des pompiers de Vitrolles","description":"","potentialAction":[{"@type":"SearchAction","target":{"@type":"EntryPoint","urlTemplate":"https:\/\/www.balpompiersvitrolles.com\/?s={search_term_string}"},"query-input":"required name=search_term_string"}],"inLanguage":"fr-FR"}]}},"_links":{"self":[{"href":"https:\/\/www.balpompiersvitrolles.com\/index.php\/wp-json\/wp\/v2\/pages\/89"}],"collection":[{"href":"https:\/\/www.balpompiersvitrolles.com\/index.php\/wp-json\/wp\/v2\/pages"}],"about":[{"href":"https:\/\/www.balpompiersvitrolles.com\/index.php\/wp-json\/wp\/v2\/types\/page"}],"author":[{"embeddable":true,"href":"https:\/\/www.balpompiersvitrolles.com\/index.php\/wp-json\/wp\/v2\/users\/1"}],"replies":[{"embeddable":true,"href":"https:\/\/www.balpompiersvitrolles.com\/index.php\/wp-json\/wp\/v2\/comments?post=89"}],"version-history":[{"count":0,"href":"https:\/\/www.balpompiersvitrolles.com\/index.php\/wp-json\/wp\/v2\/pages\/89\/revisions"}],"wp:featuredmedia":[{"embeddable":true,"href":"https:\/\/www.balpompiersvitrolles.com\/index.php\/wp-json\/wp\/v2\/media\/167"}],"wp:attachment":[{"href":"https:\/\/www.balpompiersvitrolles.com\/index.php\/wp-json\/wp\/v2\/media?parent=89"}],"curies":[{"name":"wp","href":"https:\/\/api.w.org\/{rel}","templated":true}]}}